{"id":2769,"date":"2025-03-09T10:36:44","date_gmt":"2025-03-09T09:36:44","guid":{"rendered":"https:\/\/coaching-et-talent.com\/?page_id=2769"},"modified":"2025-03-19T21:14:46","modified_gmt":"2025-03-19T20:14:46","slug":"notre-actualite","status":"publish","type":"page","link":"https:\/\/coaching-et-talent.com\/index.php\/notre-actualite\/","title":{"rendered":"Notre actualit\u00e9"},"content":{"rendered":"\t\t<div data-elementor-type=\"wp-page\" data-elementor-id=\"2769\" class=\"elementor elementor-2769\" data-elementor-post-type=\"page\">\n\t\t\t\t<div class=\"elementor-element elementor-element-43817ee3 e-con-full e-flex e-con e-parent\" data-id=\"43817ee3\" data-element_type=\"container\">\n\t\t<div class=\"elementor-element elementor-element-14161667 e-con-full e-flex e-con e-child\" data-id=\"14161667\" data-element_type=\"container\" data-settings=\"{&quot;background_background&quot;:&quot;classic&quot;}\">\n\t\t\t\t<div class=\"elementor-element elementor-element-76499e0e elementor-widget elementor-widget-spacer\" data-id=\"76499e0e\" data-element_type=\"widget\" data-widget_type=\"spacer.default\">\n\t\t\t\t<div class=\"elementor-widget-container\">\n\t\t\t\t\t\t\t<div class=\"elementor-spacer\">\n\t\t\t<div class=\"elementor-spacer-inner\"><\/div>\n\t\t<\/div>\n\t\t\t\t\t\t<\/div>\n\t\t\t\t<\/div>\n\t\t\t\t<\/div>\n\t\t<div class=\"elementor-element elementor-element-2aa11a1 e-con-full e-flex e-con e-child\" data-id=\"2aa11a1\" data-element_type=\"container\" data-settings=\"{&quot;background_background&quot;:&quot;classic&quot;}\">\n\t\t<div class=\"elementor-element elementor-element-1620545b e-flex e-con-boxed e-con e-child\" data-id=\"1620545b\" data-element_type=\"container\" data-settings=\"{&quot;background_background&quot;:&quot;classic&quot;}\">\n\t\t\t\t\t<div class=\"e-con-inner\">\n\t\t<div class=\"elementor-element elementor-element-f740986 e-flex e-con-boxed e-con e-child\" data-id=\"f740986\" data-element_type=\"container\" data-settings=\"{&quot;background_background&quot;:&quot;classic&quot;}\">\n\t\t\t\t\t<div class=\"e-con-inner\">\n\t\t<div class=\"elementor-element elementor-element-0fd12db e-con-full e-flex e-con e-child\" data-id=\"0fd12db\" data-element_type=\"container\">\n\t\t\t\t<div class=\"elementor-element elementor-element-270f139 elementor-widget elementor-widget-heading\" data-id=\"270f139\" data-element_type=\"widget\" data-widget_type=\"heading.default\">\n\t\t\t\t<div class=\"elementor-widget-container\">\n\t\t\t\t\t<h2 class=\"elementor-heading-title elementor-size-default\">Notre actualit\u00e9 <\/h2>\t\t\t\t<\/div>\n\t\t\t\t<\/div>\n\t\t\t\t<div class=\"elementor-element elementor-element-27e1a37 elementor-widget elementor-widget-heading\" data-id=\"27e1a37\" data-element_type=\"widget\" data-widget_type=\"heading.default\">\n\t\t\t\t<div class=\"elementor-widget-container\">\n\t\t\t\t\t<div class=\"elementor-heading-title elementor-size-default\">Les derni\u00e8res nouvelles, \u00e9v\u00e8nements et succ\u00e8s de Coaching &amp; talent.<\/div>\t\t\t\t<\/div>\n\t\t\t\t<\/div>\n\t\t\t\t<\/div>\n\t\t\t\t\t<\/div>\n\t\t\t\t<\/div>\n\t\t\t\t\t<\/div>\n\t\t\t\t<\/div>\n\t\t\t\t<\/div>\n\t\t\t\t<\/div>\n\t\t<div class=\"elementor-element elementor-element-2ebb0292 e-flex e-con-boxed e-con e-parent\" data-id=\"2ebb0292\" data-element_type=\"container\" data-settings=\"{&quot;background_background&quot;:&quot;classic&quot;}\">\n\t\t\t\t\t<div class=\"e-con-inner\">\n\t\t<div class=\"elementor-element elementor-element-3e33c1ef e-con-full e-flex e-con e-child\" data-id=\"3e33c1ef\" data-element_type=\"container\">\n\t\t\t\t<div class=\"elementor-element elementor-element-d97c910 elementor-widget elementor-widget-heading\" data-id=\"d97c910\" data-element_type=\"widget\" data-widget_type=\"heading.default\">\n\t\t\t\t<div class=\"elementor-widget-container\">\n\t\t\t\t\t<h6 class=\"elementor-heading-title elementor-size-default\">journal AI ISEN n\u00b042<\/h6>\t\t\t\t<\/div>\n\t\t\t\t<\/div>\n\t\t\t\t<div class=\"elementor-element elementor-element-6375601 elementor-widget elementor-widget-heading\" data-id=\"6375601\" data-element_type=\"widget\" data-widget_type=\"heading.default\">\n\t\t\t\t<div class=\"elementor-widget-container\">\n\t\t\t\t\t<h2 class=\"elementor-heading-title elementor-size-default\">D\u00e9couvrez notre contribution dans le dernier num\u00e9ro du journal AI ISEN !<\/h2>\t\t\t\t<\/div>\n\t\t\t\t<\/div>\n\t\t<div class=\"elementor-element elementor-element-f009f78 e-con-full e-flex e-con e-child\" data-id=\"f009f78\" data-element_type=\"container\">\n\t\t\t\t<div class=\"elementor-element elementor-element-13f6c33 elementor-widget elementor-widget-text-editor\" data-id=\"13f6c33\" data-element_type=\"widget\" data-widget_type=\"text-editor.default\">\n\t\t\t\t<div class=\"elementor-widget-container\">\n\t\t\t\t\t\t\t\t\t<p>Nous avons le plaisir de vous annoncer la sortie du <strong data-start=\"166\" data-end=\"190\">journal AI ISEN N\u00b042<\/strong>, consacr\u00e9 \u00e0 l&rsquo;avenir des femmes dans l&rsquo;ing\u00e9nierie. <strong data-start=\"242\" data-end=\"259\" data-is-only-node=\"\">Norma Loeffel<\/strong> y a contribu\u00e9 en tant que <strong data-start=\"286\" data-end=\"308\">r\u00e9dactrice en chef<\/strong>, partageant son expertise sur les <strong data-start=\"343\" data-end=\"406\">d\u00e9fis de la diversit\u00e9, l&rsquo;inclusion et le leadership f\u00e9minin<\/strong> dans les m\u00e9tiers techniques.<\/p>\t\t\t\t\t\t\t\t<\/div>\n\t\t\t\t<\/div>\n\t\t\t\t<\/div>\n\t\t\t\t<div class=\"elementor-element elementor-element-62f6282 elementor-icon-list--layout-traditional elementor-list-item-link-full_width elementor-widget elementor-widget-icon-list\" data-id=\"62f6282\" data-element_type=\"widget\" data-widget_type=\"icon-list.default\">\n\t\t\t\t<div class=\"elementor-widget-container\">\n\t\t\t\t\t\t\t<ul class=\"elementor-icon-list-items\">\n\t\t\t\t\t\t\t<li class=\"elementor-icon-list-item\">\n\t\t\t\t\t\t\t\t\t\t\t<span class=\"elementor-icon-list-icon\">\n\t\t\t\t\t\t\t<svg aria-hidden=\"true\" class=\"e-font-icon-svg e-fas-check-circle\" viewBox=\"0 0 512 512\" xmlns=\"http:\/\/www.w3.org\/2000\/svg\"><path d=\"M504 256c0 136.967-111.033 248-248 248S8 392.967 8 256 119.033 8 256 8s248 111.033 248 248zM227.314 387.314l184-184c6.248-6.248 6.248-16.379 0-22.627l-22.627-22.627c-6.248-6.249-16.379-6.249-22.628 0L216 308.118l-70.059-70.059c-6.248-6.248-16.379-6.248-22.628 0l-22.627 22.627c-6.248 6.248-6.248 16.379 0 22.627l104 104c6.249 6.249 16.379 6.249 22.628.001z\"><\/path><\/svg>\t\t\t\t\t\t<\/span>\n\t\t\t\t\t\t\t\t\t\t<span class=\"elementor-icon-list-text\">Des analyses sur les enjeux de la diversit\u00e9 et de l'inclusion dans les m\u00e9tiers techniques et les d\u00e9fis sp\u00e9cifiques auxquels les femmes font face dans l'ing\u00e9nierie.<\/span>\n\t\t\t\t\t\t\t\t\t<\/li>\n\t\t\t\t\t\t\t\t<li class=\"elementor-icon-list-item\">\n\t\t\t\t\t\t\t\t\t\t\t<span class=\"elementor-icon-list-icon\">\n\t\t\t\t\t\t\t<svg aria-hidden=\"true\" class=\"e-font-icon-svg e-fas-check-circle\" viewBox=\"0 0 512 512\" xmlns=\"http:\/\/www.w3.org\/2000\/svg\"><path d=\"M504 256c0 136.967-111.033 248-248 248S8 392.967 8 256 119.033 8 256 8s248 111.033 248 248zM227.314 387.314l184-184c6.248-6.248 6.248-16.379 0-22.627l-22.627-22.627c-6.248-6.249-16.379-6.249-22.628 0L216 308.118l-70.059-70.059c-6.248-6.248-16.379-6.248-22.628 0l-22.627 22.627c-6.248 6.248-6.248 16.379 0 22.627l104 104c6.249 6.249 16.379 6.249 22.628.001z\"><\/path><\/svg>\t\t\t\t\t\t<\/span>\n\t\t\t\t\t\t\t\t\t\t<span class=\"elementor-icon-list-text\">Ce num\u00e9ro est aussi l\u2019occasion de mettre en lumi\u00e8re les initiatives et les associations qui mobilisent les acteurs de la soci\u00e9t\u00e9 sur les enjeux cruciaux de la mixit\u00e9 et de la parit\u00e9.<\/span>\n\t\t\t\t\t\t\t\t\t<\/li>\n\t\t\t\t\t\t\t\t<li class=\"elementor-icon-list-item\">\n\t\t\t\t\t\t\t\t\t\t\t<span class=\"elementor-icon-list-icon\">\n\t\t\t\t\t\t\t<svg aria-hidden=\"true\" class=\"e-font-icon-svg e-fas-check-circle\" viewBox=\"0 0 512 512\" xmlns=\"http:\/\/www.w3.org\/2000\/svg\"><path d=\"M504 256c0 136.967-111.033 248-248 248S8 392.967 8 256 119.033 8 256 8s248 111.033 248 248zM227.314 387.314l184-184c6.248-6.248 6.248-16.379 0-22.627l-22.627-22.627c-6.248-6.249-16.379-6.249-22.628 0L216 308.118l-70.059-70.059c-6.248-6.248-16.379-6.248-22.628 0l-22.627 22.627c-6.248 6.248-6.248 16.379 0 22.627l104 104c6.249 6.249 16.379 6.249 22.628.001z\"><\/path><\/svg>\t\t\t\t\t\t<\/span>\n\t\t\t\t\t\t\t\t\t\t<span class=\"elementor-icon-list-text\">Des t\u00e9moignages et retours d'exp\u00e9rience inspirants de femmes leaders dans le secteur, mettant en lumi\u00e8re leurs parcours, leurs d\u00e9fis et leurs r\u00e9ussites.<\/span>\n\t\t\t\t\t\t\t\t\t<\/li>\n\t\t\t\t\t\t<\/ul>\n\t\t\t\t\t\t<\/div>\n\t\t\t\t<\/div>\n\t\t\t\t<\/div>\n\t\t<div class=\"elementor-element elementor-element-c1906df e-con-full e-flex e-con e-child\" data-id=\"c1906df\" data-element_type=\"container\">\n\t\t<div class=\"elementor-element elementor-element-cae65cb e-con-full e-flex e-con e-child\" data-id=\"cae65cb\" data-element_type=\"container\">\n\t\t\t\t<div class=\"elementor-element elementor-element-d145b2a elementor-widget elementor-widget-image\" data-id=\"d145b2a\" data-element_type=\"widget\" data-widget_type=\"image.default\">\n\t\t\t\t<div class=\"elementor-widget-container\">\n\t\t\t\t\t\t\t\t\t\t\t\t\t\t\t<img fetchpriority=\"high\" decoding=\"async\" width=\"724\" height=\"1024\" src=\"https:\/\/coaching-et-talent.com\/wp-content\/uploads\/2025\/03\/qlqlqlq-724x1024.png\" class=\"attachment-large size-large wp-image-2782\" alt=\"\" srcset=\"https:\/\/coaching-et-talent.com\/wp-content\/uploads\/2025\/03\/qlqlqlq-724x1024.png 724w, https:\/\/coaching-et-talent.com\/wp-content\/uploads\/2025\/03\/qlqlqlq-212x300.png 212w, https:\/\/coaching-et-talent.com\/wp-content\/uploads\/2025\/03\/qlqlqlq-768x1086.png 768w, https:\/\/coaching-et-talent.com\/wp-content\/uploads\/2025\/03\/qlqlqlq-600x848.png 600w, https:\/\/coaching-et-talent.com\/wp-content\/uploads\/2025\/03\/qlqlqlq.png 1048w\" sizes=\"(max-width: 724px) 100vw, 724px\" \/>\t\t\t\t\t\t\t\t\t\t\t\t\t\t\t<\/div>\n\t\t\t\t<\/div>\n\t\t\t\t<div class=\"elementor-element elementor-element-c63d1e3 elementor-align-center elementor-widget elementor-widget-button\" data-id=\"c63d1e3\" data-element_type=\"widget\" data-settings=\"{&quot;_animation&quot;:&quot;none&quot;,&quot;_animation_delay&quot;:350}\" data-widget_type=\"button.default\">\n\t\t\t\t<div class=\"elementor-widget-container\">\n\t\t\t\t\t\t\t\t\t<div class=\"elementor-button-wrapper\">\n\t\t\t\t\t<a class=\"elementor-button elementor-button-link elementor-size-sm elementor-animation-pulse-grow\" href=\"https:\/\/www.aiisen.org\/global\/gene\/link.php?doc_id=695&#038;edit_lang=fr\">\n\t\t\t\t\t\t<span class=\"elementor-button-content-wrapper\">\n\t\t\t\t\t\t<span class=\"elementor-button-icon\">\n\t\t\t\t<svg aria-hidden=\"true\" class=\"e-font-icon-svg e-fas-arrow-circle-right\" viewBox=\"0 0 512 512\" xmlns=\"http:\/\/www.w3.org\/2000\/svg\"><path d=\"M256 8c137 0 248 111 248 248S393 504 256 504 8 393 8 256 119 8 256 8zm-28.9 143.6l75.5 72.4H120c-13.3 0-24 10.7-24 24v16c0 13.3 10.7 24 24 24h182.6l-75.5 72.4c-9.7 9.3-9.9 24.8-.4 34.3l11 10.9c9.4 9.4 24.6 9.4 33.9 0L404.3 273c9.4-9.4 9.4-24.6 0-33.9L271.6 106.3c-9.4-9.4-24.6-9.4-33.9 0l-11 10.9c-9.5 9.6-9.3 25.1.4 34.4z\"><\/path><\/svg>\t\t\t<\/span>\n\t\t\t\t\t\t\t\t\t<span class=\"elementor-button-text\">Consulter notre journal<\/span>\n\t\t\t\t\t<\/span>\n\t\t\t\t\t<\/a>\n\t\t\t\t<\/div>\n\t\t\t\t\t\t\t\t<\/div>\n\t\t\t\t<\/div>\n\t\t\t\t<\/div>\n\t\t\t\t<\/div>\n\t\t\t\t\t<\/div>\n\t\t\t\t<\/div>\n\t\t\t\t<\/div>\n\t\t","protected":false},"excerpt":{"rendered":"<p>Notre actualit\u00e9 Les derni\u00e8res nouvelles, \u00e9v\u00e8nements et succ\u00e8s de Coaching &amp; talent. journal AI ISEN n\u00b042 D\u00e9couvrez notre contribution dans le dernier num\u00e9ro du journal AI ISEN ! Nous avons le plaisir de vous annoncer la sortie du journal AI ISEN N\u00b042, consacr\u00e9 \u00e0 l&rsquo;avenir des femmes dans l&rsquo;ing\u00e9nierie. Norma Loeffel y a contribu\u00e9 en [&hellip;]<\/p>\n","protected":false},"author":1,"featured_media":0,"parent":0,"menu_order":0,"comment_status":"closed","ping_status":"closed","template":"elementor_header_footer","meta":{"footnotes":""},"class_list":["post-2769","page","type-page","status-publish","hentry"],"yoast_head":"<!-- This site is optimized with the Yoast SEO plugin v24.3 - https:\/\/yoast.com\/wordpress\/plugins\/seo\/ -->\n<title>Notre actualit\u00e9 - Coaching et talent<\/title>\n<meta name=\"robots\" content=\"index, follow, max-snippet:-1, max-image-preview:large, max-video-preview:-1\" \/>\n<link rel=\"canonical\" href=\"https:\/\/coaching-et-talent.com\/index.php\/notre-actualite\/\" \/>\n<meta property=\"og:locale\" content=\"fr_FR\" \/>\n<meta property=\"og:type\" content=\"article\" \/>\n<meta property=\"og:title\" content=\"Notre actualit\u00e9 - Coaching et talent\" \/>\n<meta property=\"og:description\" content=\"Notre actualit\u00e9 Les derni\u00e8res nouvelles, \u00e9v\u00e8nements et succ\u00e8s de Coaching &amp; talent. journal AI ISEN n\u00b042 D\u00e9couvrez notre contribution dans le dernier num\u00e9ro du journal AI ISEN ! Nous avons le plaisir de vous annoncer la sortie du journal AI ISEN N\u00b042, consacr\u00e9 \u00e0 l&rsquo;avenir des femmes dans l&rsquo;ing\u00e9nierie. Norma Loeffel y a contribu\u00e9 en [&hellip;]\" \/>\n<meta property=\"og:url\" content=\"https:\/\/coaching-et-talent.com\/index.php\/notre-actualite\/\" \/>\n<meta property=\"og:site_name\" content=\"Coaching et talent\" \/>\n<meta property=\"article:modified_time\" content=\"2025-03-19T20:14:46+00:00\" \/>\n<meta property=\"og:image\" content=\"https:\/\/coaching-et-talent.com\/wp-content\/uploads\/2025\/03\/qlqlqlq-724x1024.png\" \/>\n\t<meta property=\"og:image:width\" content=\"724\" \/>\n\t<meta property=\"og:image:height\" content=\"1024\" \/>\n\t<meta property=\"og:image:type\" content=\"image\/png\" \/>\n<meta name=\"twitter:card\" content=\"summary_large_image\" \/>\n<meta name=\"twitter:label1\" content=\"Dur\u00e9e de lecture estim\u00e9e\" \/>\n\t<meta name=\"twitter:data1\" content=\"1 minute\" \/>\n<script type=\"application\/ld+json\" class=\"yoast-schema-graph\">{\"@context\":\"https:\/\/schema.org\",\"@graph\":[{\"@type\":\"WebPage\",\"@id\":\"https:\/\/coaching-et-talent.com\/index.php\/notre-actualite\/\",\"url\":\"https:\/\/coaching-et-talent.com\/index.php\/notre-actualite\/\",\"name\":\"Notre actualit\u00e9 - Coaching et talent\",\"isPartOf\":{\"@id\":\"https:\/\/coaching-et-talent.com\/#website\"},\"primaryImageOfPage\":{\"@id\":\"https:\/\/coaching-et-talent.com\/index.php\/notre-actualite\/#primaryimage\"},\"image\":{\"@id\":\"https:\/\/coaching-et-talent.com\/index.php\/notre-actualite\/#primaryimage\"},\"thumbnailUrl\":\"https:\/\/coaching-et-talent.com\/wp-content\/uploads\/2025\/03\/qlqlqlq-724x1024.png\",\"datePublished\":\"2025-03-09T09:36:44+00:00\",\"dateModified\":\"2025-03-19T20:14:46+00:00\",\"breadcrumb\":{\"@id\":\"https:\/\/coaching-et-talent.com\/index.php\/notre-actualite\/#breadcrumb\"},\"inLanguage\":\"fr-FR\",\"potentialAction\":[{\"@type\":\"ReadAction\",\"target\":[\"https:\/\/coaching-et-talent.com\/index.php\/notre-actualite\/\"]}]},{\"@type\":\"ImageObject\",\"inLanguage\":\"fr-FR\",\"@id\":\"https:\/\/coaching-et-talent.com\/index.php\/notre-actualite\/#primaryimage\",\"url\":\"https:\/\/coaching-et-talent.com\/wp-content\/uploads\/2025\/03\/qlqlqlq.png\",\"contentUrl\":\"https:\/\/coaching-et-talent.com\/wp-content\/uploads\/2025\/03\/qlqlqlq.png\",\"width\":1048,\"height\":1482},{\"@type\":\"BreadcrumbList\",\"@id\":\"https:\/\/coaching-et-talent.com\/index.php\/notre-actualite\/#breadcrumb\",\"itemListElement\":[{\"@type\":\"ListItem\",\"position\":1,\"name\":\"Accueil\",\"item\":\"https:\/\/coaching-et-talent.com\/\"},{\"@type\":\"ListItem\",\"position\":2,\"name\":\"Notre actualit\u00e9\"}]},{\"@type\":\"WebSite\",\"@id\":\"https:\/\/coaching-et-talent.com\/#website\",\"url\":\"https:\/\/coaching-et-talent.com\/\",\"name\":\"Coaching et talent\",\"description\":\"Transformez vos \u00e9quipes et votre organisation\",\"potentialAction\":[{\"@type\":\"SearchAction\",\"target\":{\"@type\":\"EntryPoint\",\"urlTemplate\":\"https:\/\/coaching-et-talent.com\/?s={search_term_string}\"},\"query-input\":{\"@type\":\"PropertyValueSpecification\",\"valueRequired\":true,\"valueName\":\"search_term_string\"}}],\"inLanguage\":\"fr-FR\"}]}<\/script>\n<!-- \/ Yoast SEO plugin. -->","yoast_head_json":{"title":"Notre actualit\u00e9 - Coaching et talent","robots":{"index":"index","follow":"follow","max-snippet":"max-snippet:-1","max-image-preview":"max-image-preview:large","max-video-preview":"max-video-preview:-1"},"canonical":"https:\/\/coaching-et-talent.com\/index.php\/notre-actualite\/","og_locale":"fr_FR","og_type":"article","og_title":"Notre actualit\u00e9 - Coaching et talent","og_description":"Notre actualit\u00e9 Les derni\u00e8res nouvelles, \u00e9v\u00e8nements et succ\u00e8s de Coaching &amp; talent. journal AI ISEN n\u00b042 D\u00e9couvrez notre contribution dans le dernier num\u00e9ro du journal AI ISEN ! Nous avons le plaisir de vous annoncer la sortie du journal AI ISEN N\u00b042, consacr\u00e9 \u00e0 l&rsquo;avenir des femmes dans l&rsquo;ing\u00e9nierie. Norma Loeffel y a contribu\u00e9 en [&hellip;]","og_url":"https:\/\/coaching-et-talent.com\/index.php\/notre-actualite\/","og_site_name":"Coaching et talent","article_modified_time":"2025-03-19T20:14:46+00:00","og_image":[{"width":724,"height":1024,"url":"https:\/\/coaching-et-talent.com\/wp-content\/uploads\/2025\/03\/qlqlqlq-724x1024.png","type":"image\/png"}],"twitter_card":"summary_large_image","twitter_misc":{"Dur\u00e9e de lecture estim\u00e9e":"1 minute"},"schema":{"@context":"https:\/\/schema.org","@graph":[{"@type":"WebPage","@id":"https:\/\/coaching-et-talent.com\/index.php\/notre-actualite\/","url":"https:\/\/coaching-et-talent.com\/index.php\/notre-actualite\/","name":"Notre actualit\u00e9 - Coaching et talent","isPartOf":{"@id":"https:\/\/coaching-et-talent.com\/#website"},"primaryImageOfPage":{"@id":"https:\/\/coaching-et-talent.com\/index.php\/notre-actualite\/#primaryimage"},"image":{"@id":"https:\/\/coaching-et-talent.com\/index.php\/notre-actualite\/#primaryimage"},"thumbnailUrl":"https:\/\/coaching-et-talent.com\/wp-content\/uploads\/2025\/03\/qlqlqlq-724x1024.png","datePublished":"2025-03-09T09:36:44+00:00","dateModified":"2025-03-19T20:14:46+00:00","breadcrumb":{"@id":"https:\/\/coaching-et-talent.com\/index.php\/notre-actualite\/#breadcrumb"},"inLanguage":"fr-FR","potentialAction":[{"@type":"ReadAction","target":["https:\/\/coaching-et-talent.com\/index.php\/notre-actualite\/"]}]},{"@type":"ImageObject","inLanguage":"fr-FR","@id":"https:\/\/coaching-et-talent.com\/index.php\/notre-actualite\/#primaryimage","url":"https:\/\/coaching-et-talent.com\/wp-content\/uploads\/2025\/03\/qlqlqlq.png","contentUrl":"https:\/\/coaching-et-talent.com\/wp-content\/uploads\/2025\/03\/qlqlqlq.png","width":1048,"height":1482},{"@type":"BreadcrumbList","@id":"https:\/\/coaching-et-talent.com\/index.php\/notre-actualite\/#breadcrumb","itemListElement":[{"@type":"ListItem","position":1,"name":"Accueil","item":"https:\/\/coaching-et-talent.com\/"},{"@type":"ListItem","position":2,"name":"Notre actualit\u00e9"}]},{"@type":"WebSite","@id":"https:\/\/coaching-et-talent.com\/#website","url":"https:\/\/coaching-et-talent.com\/","name":"Coaching et talent","description":"Transformez vos \u00e9quipes et votre organisation","potentialAction":[{"@type":"SearchAction","target":{"@type":"EntryPoint","urlTemplate":"https:\/\/coaching-et-talent.com\/?s={search_term_string}"},"query-input":{"@type":"PropertyValueSpecification","valueRequired":true,"valueName":"search_term_string"}}],"inLanguage":"fr-FR"}]}},"_links":{"self":[{"href":"https:\/\/coaching-et-talent.com\/index.php\/wp-json\/wp\/v2\/pages\/2769","targetHints":{"allow":["GET"]}}],"collection":[{"href":"https:\/\/coaching-et-talent.com\/index.php\/wp-json\/wp\/v2\/pages"}],"about":[{"href":"https:\/\/coaching-et-talent.com\/index.php\/wp-json\/wp\/v2\/types\/page"}],"author":[{"embeddable":true,"href":"https:\/\/coaching-et-talent.com\/index.php\/wp-json\/wp\/v2\/users\/1"}],"replies":[{"embeddable":true,"href":"https:\/\/coaching-et-talent.com\/index.php\/wp-json\/wp\/v2\/comments?post=2769"}],"version-history":[{"count":49,"href":"https:\/\/coaching-et-talent.com\/index.php\/wp-json\/wp\/v2\/pages\/2769\/revisions"}],"predecessor-version":[{"id":3991,"href":"https:\/\/coaching-et-talent.com\/index.php\/wp-json\/wp\/v2\/pages\/2769\/revisions\/3991"}],"wp:attachment":[{"href":"https:\/\/coaching-et-talent.com\/index.php\/wp-json\/wp\/v2\/media?parent=2769"}],"curies":[{"name":"wp","href":"https:\/\/api.w.org\/{rel}","templated":true}]}}