{"id":624,"date":"2025-02-06T10:14:08","date_gmt":"2025-02-06T09:14:08","guid":{"rendered":"https:\/\/coaching-et-talent.com\/?page_id=624"},"modified":"2025-02-20T18:55:35","modified_gmt":"2025-02-20T17:55:35","slug":"mentions-legales","status":"publish","type":"page","link":"https:\/\/coaching-et-talent.com\/index.php\/mentions-legales\/","title":{"rendered":"Mentions l\u00e9gales"},"content":{"rendered":"\t\t<div data-elementor-type=\"wp-page\" data-elementor-id=\"624\" class=\"elementor elementor-624\" data-elementor-post-type=\"page\">\n\t\t\t\t<div class=\"elementor-element elementor-element-f8c91d7 e-flex e-con-boxed e-con e-parent\" data-id=\"f8c91d7\" data-element_type=\"container\">\n\t\t\t\t\t<div class=\"e-con-inner\">\n\t\t<div class=\"elementor-element elementor-element-4071d7a e-con-full e-flex e-con e-child\" data-id=\"4071d7a\" data-element_type=\"container\">\n\t\t\t\t<div class=\"elementor-element elementor-element-832488f elementor-widget elementor-widget-heading\" data-id=\"832488f\" data-element_type=\"widget\" data-widget_type=\"heading.default\">\n\t\t\t\t<div class=\"elementor-widget-container\">\n\t\t\t\t\t<h1 class=\"elementor-heading-title elementor-size-default\">Mentions l\u00e9gales<\/h1>\t\t\t\t<\/div>\n\t\t\t\t<\/div>\n\t\t\t\t<\/div>\n\t\t\t\t\t<\/div>\n\t\t\t\t<\/div>\n\t\t<div class=\"elementor-element elementor-element-801053f e-flex e-con-boxed e-con e-parent\" data-id=\"801053f\" data-element_type=\"container\">\n\t\t\t\t\t<div class=\"e-con-inner\">\n\t\t\t\t<div class=\"elementor-element elementor-element-d04b1de elementor-widget elementor-widget-text-editor\" data-id=\"d04b1de\" data-element_type=\"widget\" data-widget_type=\"text-editor.default\">\n\t\t\t\t<div class=\"elementor-widget-container\">\n\t\t\t\t\t\t\t\t\t<p><strong>Date de derni\u00e8re mise \u00e0 jour :\u00a0<em>06\/02\/2025<\/em><\/strong><\/p>\t\t\t\t\t\t\t\t<\/div>\n\t\t\t\t<\/div>\n\t\t\t\t\t<\/div>\n\t\t\t\t<\/div>\n\t\t<div class=\"elementor-element elementor-element-a6a2fba e-flex e-con-boxed e-con e-parent\" data-id=\"a6a2fba\" data-element_type=\"container\">\n\t\t\t\t\t<div class=\"e-con-inner\">\n\t\t<div class=\"elementor-element elementor-element-b24abec e-con-full e-flex e-con e-child\" data-id=\"b24abec\" data-element_type=\"container\">\n\t\t\t\t<div class=\"elementor-element elementor-element-17ada0a elementor-widget elementor-widget-text-editor\" data-id=\"17ada0a\" data-element_type=\"widget\" data-widget_type=\"text-editor.default\">\n\t\t\t\t<div class=\"elementor-widget-container\">\n\t\t\t\t\t\t\t\t\t<div class=\"elementor-element elementor-element-3f73116 e-flex e-con-boxed e-con e-parent e-lazyloaded\" data-id=\"3f73116\" data-element_type=\"container\"><div class=\"e-con-inner\"><div class=\"elementor-element elementor-element-202584a e-con-full e-flex e-con e-child\" data-id=\"202584a\" data-element_type=\"container\"><div class=\"elementor-element elementor-element-3d08aff elementor-widget elementor-widget-heading\" data-id=\"3d08aff\" data-element_type=\"widget\" data-widget_type=\"heading.default\"><div class=\"elementor-widget-container\"><div class=\"elementor-element elementor-element-c06981b e-flex e-con-boxed e-con e-parent e-lazyloaded\" data-id=\"c06981b\" data-element_type=\"container\"><div class=\"e-con-inner\"><div class=\"elementor-element elementor-element-32ce655 elementor-widget elementor-widget-text-editor\" data-id=\"32ce655\" data-element_type=\"widget\" data-widget_type=\"text-editor.default\"><div class=\"elementor-widget-container\"><p>Conform\u00e9ment aux dispositions de la loi n\u00b0 2004-575 du 21 juin 2004 pour la confiance en l\u2019\u00e9conomie num\u00e9rique, il est pr\u00e9cis\u00e9 aux utilisateurs du site Temeio l\u2019identit\u00e9 des diff\u00e9rents intervenants dans le cadre de sa r\u00e9alisation et de son suivi.<\/p><\/div><\/div><\/div><\/div><div class=\"elementor-element elementor-element-d11b719 e-flex e-con-boxed e-con e-parent e-lazyloaded\" data-id=\"d11b719\" data-element_type=\"container\"><div class=\"e-con-inner\"><div class=\"elementor-element elementor-element-5024361 elementor-widget elementor-widget-heading\" data-id=\"5024361\" data-element_type=\"widget\" data-widget_type=\"heading.default\"><div class=\"elementor-widget-container\"><h5 class=\"elementor-heading-title elementor-size-default\">Edition du site<\/h5><\/div><\/div><\/div><\/div><div class=\"elementor-element elementor-element-9ae1d12 e-flex e-con-boxed e-con e-parent e-lazyloaded\" data-id=\"9ae1d12\" data-element_type=\"container\"><div class=\"e-con-inner\"><div class=\"elementor-element elementor-element-8be1611 elementor-widget elementor-widget-text-editor\" data-id=\"8be1611\" data-element_type=\"widget\" data-widget_type=\"text-editor.default\"><div class=\"elementor-widget-container\"><p>Le pr\u00e9sent site, accessible \u00e0 l\u2019URL coaching-et-talent.com (le \u00ab Site \u00bb), est \u00e9dit\u00e9 par :<\/p><p>coaching-et-talent, SAS, soci\u00e9t\u00e9 par actions simplifi\u00e9e au capital de 1000 euros, dont le si\u00e8ge social est situ\u00e9 au COACHING &amp; TALENT, 97 BOULEVARD RODIN 92130 ISSY-LES-MOULINEAUX, repr\u00e9sent\u00e9e par Norma Loeffel d\u00fbment habilit\u00e9e.\u00a0<\/p><\/div><\/div><\/div><\/div><div class=\"elementor-element elementor-element-7aced53 e-flex e-con-boxed e-con e-parent e-lazyloaded\" data-id=\"7aced53\" data-element_type=\"container\"><div class=\"e-con-inner\"><div class=\"elementor-element elementor-element-f860014 e-con-full e-flex e-con e-child\" data-id=\"f860014\" data-element_type=\"container\"><div class=\"elementor-element elementor-element-7848cea elementor-widget elementor-widget-heading\" data-id=\"7848cea\" data-element_type=\"widget\" data-widget_type=\"heading.default\"><div class=\"elementor-widget-container\"><h5 class=\"elementor-heading-title elementor-size-default\">H\u00e9bergement<\/h5><\/div><\/div><\/div><\/div><\/div><div class=\"elementor-element elementor-element-23d343e e-flex e-con-boxed e-con e-parent e-lazyloaded\" data-id=\"23d343e\" data-element_type=\"container\"><div class=\"e-con-inner\"><div class=\"elementor-element elementor-element-a28fc9b elementor-widget elementor-widget-text-editor\" data-id=\"a28fc9b\" data-element_type=\"widget\" data-widget_type=\"text-editor.default\"><div class=\"elementor-widget-container\"><p>Le Site est h\u00e9berg\u00e9 par la soci\u00e9t\u00e9 OVH, Si\u00e8ge social :\u00a0<a tabindex=\"0\" href=\"https:\/\/www.google.com\/maps\/place\/\/data=!4m2!3m1!1s0x47e66faf27d93117:0xa88a268be9666244?sa=X&amp;ved=1t:8290&amp;ictx=111\" data-url=\"\/maps\/place\/\/data=!4m2!3m1!1s0x47e66faf27d93117:0xa88a268be9666244?sa=X&amp;ved=2ahUKEwi0wLWx5tKLAxU4UKQEHSdfKJkQ4kB6BAgEEAA\">42 Av. de la Prte de Clichy, 75017 Paris<\/a>\u00a0; https:\/\/www.ovhcloud.com\/fr\/T\u00e9l\u00e9phone OVH :\u00a0<b>08 203 203 63<\/b><\/p><\/div><\/div><\/div><\/div><div class=\"elementor-element elementor-element-00787b6 e-flex e-con-boxed e-con e-parent e-lazyloaded\" data-id=\"00787b6\" data-element_type=\"container\"><div class=\"e-con-inner\"><div class=\"elementor-element elementor-element-5a631d3 elementor-widget elementor-widget-heading\" data-id=\"5a631d3\" data-element_type=\"widget\" data-widget_type=\"heading.default\"><div class=\"elementor-widget-container\"><h5 class=\"elementor-heading-title elementor-size-default\">Directeur de publication<\/h5><\/div><\/div><\/div><\/div><div class=\"elementor-element elementor-element-a8b45cb e-flex e-con-boxed e-con e-parent e-lazyloaded\" data-id=\"a8b45cb\" data-element_type=\"container\"><div class=\"e-con-inner\"><div class=\"elementor-element elementor-element-a36fd46 elementor-widget elementor-widget-text-editor\" data-id=\"a36fd46\" data-element_type=\"widget\" data-widget_type=\"text-editor.default\"><div class=\"elementor-widget-container\"><p>Le Directeur de la publication du Site est Norma Loeffel.<\/p><\/div><\/div><\/div><\/div><div class=\"elementor-element elementor-element-91101b9 e-flex e-con-boxed e-con e-parent e-lazyloaded\" data-id=\"91101b9\" data-element_type=\"container\"><div class=\"e-con-inner\"><div class=\"elementor-element elementor-element-b5d488e elementor-widget elementor-widget-heading\" data-id=\"b5d488e\" data-element_type=\"widget\" data-widget_type=\"heading.default\"><div class=\"elementor-widget-container\"><h5 class=\"elementor-heading-title elementor-size-default\">Nous contacter<\/h5><\/div><\/div><\/div><\/div><div class=\"elementor-element elementor-element-faa2557 e-flex e-con-boxed e-con e-parent e-lazyloaded\" data-id=\"faa2557\" data-element_type=\"container\"><div class=\"e-con-inner\"><div class=\"elementor-element elementor-element-6ee3e1b elementor-widget elementor-widget-text-editor\" data-id=\"6ee3e1b\" data-element_type=\"widget\" data-widget_type=\"text-editor.default\"><div class=\"elementor-widget-container\"><p><strong>Par t\u00e9l\u00e9phone :<\/strong> +336 07 63 61 63<\/p><p><strong>Par email\u00a0:<\/strong> norma.loeffel@coaching-et-talent.com<\/p><p><strong>Par courrier<\/strong> : <strong>\u00a0<\/strong>COACHING &amp; TALENT, 97 BOULEVARD RODIN 92130 ISSY-LES-MOULINEAUX<\/p><\/div><\/div><\/div><\/div><div class=\"elementor-element elementor-element-fe56072 e-flex e-con-boxed e-con e-parent e-lazyloaded\" data-id=\"fe56072\" data-element_type=\"container\"><div class=\"e-con-inner\"><div class=\"elementor-element elementor-element-78783d3 elementor-widget elementor-widget-heading\" data-id=\"78783d3\" data-element_type=\"widget\" data-widget_type=\"heading.default\"><div class=\"elementor-widget-container\"><h5 class=\"elementor-heading-title elementor-size-default\">Donn\u00e9es personnelles<\/h5><\/div><\/div><\/div><\/div><div class=\"elementor-element elementor-element-b5c3112 e-flex e-con-boxed e-con e-parent e-lazyloaded\" data-id=\"b5c3112\" data-element_type=\"container\"><div class=\"e-con-inner\"><div class=\"elementor-element elementor-element-213230d elementor-widget elementor-widget-text-editor\" data-id=\"213230d\" data-element_type=\"widget\" data-widget_type=\"text-editor.default\"><div class=\"elementor-widget-container\"><p>Le traitement de vos donn\u00e9es \u00e0 caract\u00e8re personnel est r\u00e9gi par notre Charte du respect de la vie priv\u00e9e, disponible depuis la section \u00ab\u00a0Charte de Protection des Donn\u00e9es Personnelles\u00a0\u00bb, conform\u00e9ment au R\u00e8glement G\u00e9n\u00e9ral sur la Protection des Donn\u00e9es 2016\/679 du 27 avril 2016 (\u00abRGPD\u00bb).<\/p><\/div><\/div><\/div><\/div><\/div><\/div><\/div><\/div><\/div>\t\t\t\t\t\t\t\t<\/div>\n\t\t\t\t<\/div>\n\t\t\t\t<\/div>\n\t\t\t\t\t<\/div>\n\t\t\t\t<\/div>\n\t\t\t\t<\/div>\n\t\t","protected":false},"excerpt":{"rendered":"<p>Mentions l\u00e9gales Date de derni\u00e8re mise \u00e0 jour :\u00a006\/02\/2025 Conform\u00e9ment aux dispositions de la loi n\u00b0 2004-575 du 21 juin 2004 pour la confiance en l\u2019\u00e9conomie num\u00e9rique, il est pr\u00e9cis\u00e9 aux utilisateurs du site Temeio l\u2019identit\u00e9 des diff\u00e9rents intervenants dans le cadre de sa r\u00e9alisation et de son suivi. Edition du site Le pr\u00e9sent site, [&hellip;]<\/p>\n","protected":false},"author":1,"featured_media":0,"parent":0,"menu_order":0,"comment_status":"closed","ping_status":"closed","template":"elementor_header_footer","meta":{"footnotes":""},"class_list":["post-624","page","type-page","status-publish","hentry"],"yoast_head":"<!-- This site is optimized with the Yoast SEO plugin v24.3 - https:\/\/yoast.com\/wordpress\/plugins\/seo\/ -->\n<title>Mentions l\u00e9gales - Coaching et talent<\/title>\n<meta name=\"robots\" content=\"index, follow, max-snippet:-1, max-image-preview:large, max-video-preview:-1\" \/>\n<link rel=\"canonical\" href=\"https:\/\/coaching-et-talent.com\/index.php\/mentions-legales\/\" \/>\n<meta property=\"og:locale\" content=\"fr_FR\" \/>\n<meta property=\"og:type\" content=\"article\" \/>\n<meta property=\"og:title\" content=\"Mentions l\u00e9gales - Coaching et talent\" \/>\n<meta property=\"og:description\" content=\"Mentions l\u00e9gales Date de derni\u00e8re mise \u00e0 jour :\u00a006\/02\/2025 Conform\u00e9ment aux dispositions de la loi n\u00b0 2004-575 du 21 juin 2004 pour la confiance en l\u2019\u00e9conomie num\u00e9rique, il est pr\u00e9cis\u00e9 aux utilisateurs du site Temeio l\u2019identit\u00e9 des diff\u00e9rents intervenants dans le cadre de sa r\u00e9alisation et de son suivi. Edition du site Le pr\u00e9sent site, [&hellip;]\" \/>\n<meta property=\"og:url\" content=\"https:\/\/coaching-et-talent.com\/index.php\/mentions-legales\/\" \/>\n<meta property=\"og:site_name\" content=\"Coaching et talent\" \/>\n<meta property=\"article:modified_time\" content=\"2025-02-20T17:55:35+00:00\" \/>\n<meta name=\"twitter:card\" content=\"summary_large_image\" \/>\n<meta name=\"twitter:label1\" content=\"Dur\u00e9e de lecture estim\u00e9e\" \/>\n\t<meta name=\"twitter:data1\" content=\"4 minutes\" \/>\n<script type=\"application\/ld+json\" class=\"yoast-schema-graph\">{\"@context\":\"https:\/\/schema.org\",\"@graph\":[{\"@type\":\"WebPage\",\"@id\":\"https:\/\/coaching-et-talent.com\/index.php\/mentions-legales\/\",\"url\":\"https:\/\/coaching-et-talent.com\/index.php\/mentions-legales\/\",\"name\":\"Mentions l\u00e9gales - Coaching et talent\",\"isPartOf\":{\"@id\":\"https:\/\/coaching-et-talent.com\/#website\"},\"datePublished\":\"2025-02-06T09:14:08+00:00\",\"dateModified\":\"2025-02-20T17:55:35+00:00\",\"breadcrumb\":{\"@id\":\"https:\/\/coaching-et-talent.com\/index.php\/mentions-legales\/#breadcrumb\"},\"inLanguage\":\"fr-FR\",\"potentialAction\":[{\"@type\":\"ReadAction\",\"target\":[\"https:\/\/coaching-et-talent.com\/index.php\/mentions-legales\/\"]}]},{\"@type\":\"BreadcrumbList\",\"@id\":\"https:\/\/coaching-et-talent.com\/index.php\/mentions-legales\/#breadcrumb\",\"itemListElement\":[{\"@type\":\"ListItem\",\"position\":1,\"name\":\"Accueil\",\"item\":\"https:\/\/coaching-et-talent.com\/\"},{\"@type\":\"ListItem\",\"position\":2,\"name\":\"Mentions l\u00e9gales\"}]},{\"@type\":\"WebSite\",\"@id\":\"https:\/\/coaching-et-talent.com\/#website\",\"url\":\"https:\/\/coaching-et-talent.com\/\",\"name\":\"Coaching et talent\",\"description\":\"Transformez vos \u00e9quipes et votre organisation\",\"potentialAction\":[{\"@type\":\"SearchAction\",\"target\":{\"@type\":\"EntryPoint\",\"urlTemplate\":\"https:\/\/coaching-et-talent.com\/?s={search_term_string}\"},\"query-input\":{\"@type\":\"PropertyValueSpecification\",\"valueRequired\":true,\"valueName\":\"search_term_string\"}}],\"inLanguage\":\"fr-FR\"}]}<\/script>\n<!-- \/ Yoast SEO plugin. -->","yoast_head_json":{"title":"Mentions l\u00e9gales - Coaching et talent","robots":{"index":"index","follow":"follow","max-snippet":"max-snippet:-1","max-image-preview":"max-image-preview:large","max-video-preview":"max-video-preview:-1"},"canonical":"https:\/\/coaching-et-talent.com\/index.php\/mentions-legales\/","og_locale":"fr_FR","og_type":"article","og_title":"Mentions l\u00e9gales - Coaching et talent","og_description":"Mentions l\u00e9gales Date de derni\u00e8re mise \u00e0 jour :\u00a006\/02\/2025 Conform\u00e9ment aux dispositions de la loi n\u00b0 2004-575 du 21 juin 2004 pour la confiance en l\u2019\u00e9conomie num\u00e9rique, il est pr\u00e9cis\u00e9 aux utilisateurs du site Temeio l\u2019identit\u00e9 des diff\u00e9rents intervenants dans le cadre de sa r\u00e9alisation et de son suivi. Edition du site Le pr\u00e9sent site, [&hellip;]","og_url":"https:\/\/coaching-et-talent.com\/index.php\/mentions-legales\/","og_site_name":"Coaching et talent","article_modified_time":"2025-02-20T17:55:35+00:00","twitter_card":"summary_large_image","twitter_misc":{"Dur\u00e9e de lecture estim\u00e9e":"4 minutes"},"schema":{"@context":"https:\/\/schema.org","@graph":[{"@type":"WebPage","@id":"https:\/\/coaching-et-talent.com\/index.php\/mentions-legales\/","url":"https:\/\/coaching-et-talent.com\/index.php\/mentions-legales\/","name":"Mentions l\u00e9gales - Coaching et talent","isPartOf":{"@id":"https:\/\/coaching-et-talent.com\/#website"},"datePublished":"2025-02-06T09:14:08+00:00","dateModified":"2025-02-20T17:55:35+00:00","breadcrumb":{"@id":"https:\/\/coaching-et-talent.com\/index.php\/mentions-legales\/#breadcrumb"},"inLanguage":"fr-FR","potentialAction":[{"@type":"ReadAction","target":["https:\/\/coaching-et-talent.com\/index.php\/mentions-legales\/"]}]},{"@type":"BreadcrumbList","@id":"https:\/\/coaching-et-talent.com\/index.php\/mentions-legales\/#breadcrumb","itemListElement":[{"@type":"ListItem","position":1,"name":"Accueil","item":"https:\/\/coaching-et-talent.com\/"},{"@type":"ListItem","position":2,"name":"Mentions l\u00e9gales"}]},{"@type":"WebSite","@id":"https:\/\/coaching-et-talent.com\/#website","url":"https:\/\/coaching-et-talent.com\/","name":"Coaching et talent","description":"Transformez vos \u00e9quipes et votre organisation","potentialAction":[{"@type":"SearchAction","target":{"@type":"EntryPoint","urlTemplate":"https:\/\/coaching-et-talent.com\/?s={search_term_string}"},"query-input":{"@type":"PropertyValueSpecification","valueRequired":true,"valueName":"search_term_string"}}],"inLanguage":"fr-FR"}]}},"_links":{"self":[{"href":"https:\/\/coaching-et-talent.com\/index.php\/wp-json\/wp\/v2\/pages\/624","targetHints":{"allow":["GET"]}}],"collection":[{"href":"https:\/\/coaching-et-talent.com\/index.php\/wp-json\/wp\/v2\/pages"}],"about":[{"href":"https:\/\/coaching-et-talent.com\/index.php\/wp-json\/wp\/v2\/types\/page"}],"author":[{"embeddable":true,"href":"https:\/\/coaching-et-talent.com\/index.php\/wp-json\/wp\/v2\/users\/1"}],"replies":[{"embeddable":true,"href":"https:\/\/coaching-et-talent.com\/index.php\/wp-json\/wp\/v2\/comments?post=624"}],"version-history":[{"count":10,"href":"https:\/\/coaching-et-talent.com\/index.php\/wp-json\/wp\/v2\/pages\/624\/revisions"}],"predecessor-version":[{"id":1820,"href":"https:\/\/coaching-et-talent.com\/index.php\/wp-json\/wp\/v2\/pages\/624\/revisions\/1820"}],"wp:attachment":[{"href":"https:\/\/coaching-et-talent.com\/index.php\/wp-json\/wp\/v2\/media?parent=624"}],"curies":[{"name":"wp","href":"https:\/\/api.w.org\/{rel}","templated":true}]}}